{"id":881,"date":"2017-05-09T11:06:59","date_gmt":"2017-05-09T14:06:59","guid":{"rendered":"https:\/\/eventos.crp.ufv.br\/eventos_padraoparanovos\/?page_id=881"},"modified":"2025-11-13T11:52:58","modified_gmt":"2025-11-13T14:52:58","slug":"anais-do-evento","status":"publish","type":"page","link":"https:\/\/revistaextensaoeculturaemfoco.crp.ufv.br\/?page_id=881","title":{"rendered":"Corpo Editorial"},"content":{"rendered":"<p style=\"text-align: center;\"><img loading=\"lazy\" decoding=\"async\" class=\"wp-image-1042\" src=\"https:\/\/revistaextensaoeculturaemfoco.crp.ufv.br\/wp-content\/uploads\/2017\/05\/VIRG\u00cdNIA-240x300.png\" width=\"100\" height=\"125\" srcset=\"https:\/\/revistaextensaoeculturaemfoco.crp.ufv.br\/wp-content\/uploads\/2017\/05\/VIRG\u00cdNIA-240x300.png 240w, https:\/\/revistaextensaoeculturaemfoco.crp.ufv.br\/wp-content\/uploads\/2017\/05\/VIRG\u00cdNIA.png 456w\" sizes=\"auto, (max-width: 100px) 100vw, 100px\" \/><br \/>\n<strong>Diretora Geral<br \/>\n<\/strong>Virg\u00ednia Souza Santos<br \/>\n(virginiasantos@ufv.br )<\/p>\n<p style=\"text-align: center;\"><img loading=\"lazy\" decoding=\"async\" class=\"alignnone wp-image-1046\" src=\"https:\/\/revistaextensaoeculturaemfoco.crp.ufv.br\/wp-content\/uploads\/2017\/05\/LIDIANE0-240x300.png\" width=\"100\" height=\"125\" srcset=\"https:\/\/revistaextensaoeculturaemfoco.crp.ufv.br\/wp-content\/uploads\/2017\/05\/LIDIANE0-240x300.png 240w, https:\/\/revistaextensaoeculturaemfoco.crp.ufv.br\/wp-content\/uploads\/2017\/05\/LIDIANE0.png 604w\" sizes=\"auto, (max-width: 100px) 100vw, 100px\" \/><br \/>\n<strong>Edi\u00e7\u00e3o, Revis\u00e3o Geral e Editora\u00e7\u00e3o Eletr\u00f4nica<\/strong><br \/>\nLidiane Alves de Deus<br \/>\n(lidiane.alves@ufv.br)<\/p>\n<p style=\"text-align: center;\"><img loading=\"lazy\" decoding=\"async\" class=\"alignnone wp-image-1368\" src=\"https:\/\/revistaextensaoeculturaemfoco.crp.ufv.br\/wp-content\/uploads\/2017\/05\/Lu\u00eds-Andr\u00e9-1-240x300.jpg\" width=\"100\" height=\"125\" srcset=\"https:\/\/revistaextensaoeculturaemfoco.crp.ufv.br\/wp-content\/uploads\/2017\/05\/Lu\u00eds-Andr\u00e9-1-240x300.jpg 240w, https:\/\/revistaextensaoeculturaemfoco.crp.ufv.br\/wp-content\/uploads\/2017\/05\/Lu\u00eds-Andr\u00e9-1-768x959.jpg 768w, https:\/\/revistaextensaoeculturaemfoco.crp.ufv.br\/wp-content\/uploads\/2017\/05\/Lu\u00eds-Andr\u00e9-1-820x1024.jpg 820w\" sizes=\"auto, (max-width: 100px) 100vw, 100px\" \/><\/p>\n<p style=\"text-align: center;\"><strong>Revis\u00e3o de Textos<\/strong><br \/>\nLu\u00eds Andr\u00e9 Nepomuceno<br \/>\n(luis.nepomuceno@ufv.br)<\/p>\n<p style=\"text-align: center;\"><img loading=\"lazy\" decoding=\"async\" class=\"wp-image-1388 aligncenter\" src=\"https:\/\/revistaextensaoeculturaemfoco.crp.ufv.br\/wp-content\/uploads\/2025\/11\/foto-3x4-funcional-223x300.jpg\" alt=\"\" width=\"101\" height=\"135\" srcset=\"https:\/\/revistaextensaoeculturaemfoco.crp.ufv.br\/wp-content\/uploads\/2025\/11\/foto-3x4-funcional-223x300.jpg 223w, https:\/\/revistaextensaoeculturaemfoco.crp.ufv.br\/wp-content\/uploads\/2025\/11\/foto-3x4-funcional-760x1024.jpg 760w, https:\/\/revistaextensaoeculturaemfoco.crp.ufv.br\/wp-content\/uploads\/2025\/11\/foto-3x4-funcional-768x1035.jpg 768w, https:\/\/revistaextensaoeculturaemfoco.crp.ufv.br\/wp-content\/uploads\/2025\/11\/foto-3x4-funcional-1140x1536.jpg 1140w, https:\/\/revistaextensaoeculturaemfoco.crp.ufv.br\/wp-content\/uploads\/2025\/11\/foto-3x4-funcional-1519x2048.jpg 1519w, https:\/\/revistaextensaoeculturaemfoco.crp.ufv.br\/wp-content\/uploads\/2025\/11\/foto-3x4-funcional.jpg 1656w\" sizes=\"auto, (max-width: 101px) 100vw, 101px\" \/><\/p>\n<p style=\"text-align: center;\"><strong>Conselho Editorial<\/strong><br \/>\nPatr\u00edcia Moreira Valente<br \/>\n(patricia.valente@ufv.br)<\/p>\n<p style=\"text-align: center;\"><img loading=\"lazy\" decoding=\"async\" class=\"alignnone wp-image-1227 aligncenter\" src=\"https:\/\/revistaextensaoeculturaemfoco.crp.ufv.br\/wp-content\/uploads\/2017\/05\/RANGEL-240x300.jpeg\" width=\"100\" height=\"125\" srcset=\"https:\/\/revistaextensaoeculturaemfoco.crp.ufv.br\/wp-content\/uploads\/2017\/05\/RANGEL-240x300.jpeg 240w, https:\/\/revistaextensaoeculturaemfoco.crp.ufv.br\/wp-content\/uploads\/2017\/05\/RANGEL.jpeg 750w\" sizes=\"auto, (max-width: 100px) 100vw, 100px\" \/><br \/>\n<strong>Conselho Editorial<\/strong><br \/>\nRangel Ribeiro Marques<br \/>\n(rangel.marques@ufv.br)<\/p>\n","protected":false},"excerpt":{"rendered":"<p>Diretora Geral Virg\u00ednia Souza Santos (virginiasantos@ufv.br ) Edi\u00e7\u00e3o, Revis\u00e3o Geral e Editora\u00e7\u00e3o Eletr\u00f4nica Lidiane Alves de Deus (lidiane.alves@ufv.br) Revis\u00e3o de Textos Lu\u00eds Andr\u00e9 Nepomuceno (luis.nepomuceno@ufv.br) Conselho Editorial Patr\u00edcia Moreira Valente (patricia.valente@ufv.br) Conselho Editorial Rangel Ribeiro Marques (rangel.marques@ufv.br)<\/p>\n","protected":false},"author":1,"featured_media":0,"parent":0,"menu_order":0,"comment_status":"closed","ping_status":"closed","template":"","meta":{"footnotes":""},"class_list":["post-881","page","type-page","status-publish","hentry"],"_links":{"self":[{"href":"https:\/\/revistaextensaoeculturaemfoco.crp.ufv.br\/index.php?rest_route=\/wp\/v2\/pages\/881","targetHints":{"allow":["GET"]}}],"collection":[{"href":"https:\/\/revistaextensaoeculturaemfoco.crp.ufv.br\/index.php?rest_route=\/wp\/v2\/pages"}],"about":[{"href":"https:\/\/revistaextensaoeculturaemfoco.crp.ufv.br\/index.php?rest_route=\/wp\/v2\/types\/page"}],"author":[{"embeddable":true,"href":"https:\/\/revistaextensaoeculturaemfoco.crp.ufv.br\/index.php?rest_route=\/wp\/v2\/users\/1"}],"replies":[{"embeddable":true,"href":"https:\/\/revistaextensaoeculturaemfoco.crp.ufv.br\/index.php?rest_route=%2Fwp%2Fv2%2Fcomments&post=881"}],"version-history":[{"count":55,"href":"https:\/\/revistaextensaoeculturaemfoco.crp.ufv.br\/index.php?rest_route=\/wp\/v2\/pages\/881\/revisions"}],"predecessor-version":[{"id":1391,"href":"https:\/\/revistaextensaoeculturaemfoco.crp.ufv.br\/index.php?rest_route=\/wp\/v2\/pages\/881\/revisions\/1391"}],"wp:attachment":[{"href":"https:\/\/revistaextensaoeculturaemfoco.crp.ufv.br\/index.php?rest_route=%2Fwp%2Fv2%2Fmedia&parent=881"}],"curies":[{"name":"wp","href":"https:\/\/api.w.org\/{rel}","templated":true}]}}