{"id":392,"date":"2014-07-13T19:09:41","date_gmt":"2014-07-13T19:09:41","guid":{"rendered":"http:\/\/eventos.crp.ufv.br\/eventos_padraoparanovos\/?page_id=392"},"modified":"2021-07-29T10:52:29","modified_gmt":"2021-07-29T13:52:29","slug":"inscricoes-2","status":"publish","type":"page","link":"https:\/\/revistaextensaoeculturaemfoco.crp.ufv.br\/?page_id=392","title":{"rendered":"Contato"},"content":{"rendered":"<p><strong>Universidade Federal de Vi\u00e7osa \u2013\u00a0<em>Campus<\/em>\u00a0Rio Parana\u00edba<\/strong><br \/>\nDiretoria de Extens\u00e3o e Cultura<br \/>\nPr\u00e9dio PVA, 1\u00ba Andar, Sala 126<br \/>\nRodovia MG-230 \u2013 Km 8 \u2013 Rio Parana\u00edba \u2013 MG<br \/>\nCEP: 38810-000 \u2013 Caixa Postal 22<br \/>\nTel: (34) 3855-9362\/9323<br \/>\nE-mail: revistaextensaoeculturaemfoco@ufv.br<\/p>\n<p><a href=\"https:\/\/www.instagram.com\/dxc_ufv_crp\/\"><img loading=\"lazy\" decoding=\"async\" class=\"alignleft wp-image-992\" src=\"https:\/\/revistaextensaoeculturaemfoco.crp.ufv.br\/wp-content\/uploads\/2014\/07\/INSTA-e1627566501813.png\" width=\"150\" height=\"29\" \/><\/a><\/p>\n","protected":false},"excerpt":{"rendered":"<p>Universidade Federal de Vi\u00e7osa \u2013\u00a0Campus\u00a0Rio Parana\u00edba Diretoria de Extens\u00e3o e Cultura Pr\u00e9dio PVA, 1\u00ba Andar, Sala 126 Rodovia MG-230 \u2013 Km 8 \u2013 Rio Parana\u00edba \u2013 MG CEP: 38810-000 \u2013 Caixa Postal 22 Tel: (34) 3855-9362\/9323 E-mail: revistaextensaoeculturaemfoco@ufv.br<\/p>\n","protected":false},"author":1,"featured_media":0,"parent":0,"menu_order":0,"comment_status":"open","ping_status":"open","template":"","meta":{"footnotes":""},"class_list":["post-392","page","type-page","status-publish","hentry"],"_links":{"self":[{"href":"https:\/\/revistaextensaoeculturaemfoco.crp.ufv.br\/index.php?rest_route=\/wp\/v2\/pages\/392","targetHints":{"allow":["GET"]}}],"collection":[{"href":"https:\/\/revistaextensaoeculturaemfoco.crp.ufv.br\/index.php?rest_route=\/wp\/v2\/pages"}],"about":[{"href":"https:\/\/revistaextensaoeculturaemfoco.crp.ufv.br\/index.php?rest_route=\/wp\/v2\/types\/page"}],"author":[{"embeddable":true,"href":"https:\/\/revistaextensaoeculturaemfoco.crp.ufv.br\/index.php?rest_route=\/wp\/v2\/users\/1"}],"replies":[{"embeddable":true,"href":"https:\/\/revistaextensaoeculturaemfoco.crp.ufv.br\/index.php?rest_route=%2Fwp%2Fv2%2Fcomments&post=392"}],"version-history":[{"count":41,"href":"https:\/\/revistaextensaoeculturaemfoco.crp.ufv.br\/index.php?rest_route=\/wp\/v2\/pages\/392\/revisions"}],"predecessor-version":[{"id":997,"href":"https:\/\/revistaextensaoeculturaemfoco.crp.ufv.br\/index.php?rest_route=\/wp\/v2\/pages\/392\/revisions\/997"}],"wp:attachment":[{"href":"https:\/\/revistaextensaoeculturaemfoco.crp.ufv.br\/index.php?rest_route=%2Fwp%2Fv2%2Fmedia&parent=392"}],"curies":[{"name":"wp","href":"https:\/\/api.w.org\/{rel}","templated":true}]}}